{"id":178,"date":"2023-11-01T12:27:16","date_gmt":"2023-11-01T10:27:16","guid":{"rendered":"http:\/\/inpass.net\/projectes\/cnlp\/home\/"},"modified":"2023-11-16T17:24:50","modified_gmt":"2023-11-16T15:24:50","slug":"home","status":"publish","type":"page","link":"https:\/\/cnlp.com.br\/ca\/","title":{"rendered":"Home"},"content":{"rendered":"<section class=\"wpb-content-wrapper\"><p>[vc_row row_height_percent=&#8221;100&#8243; back_image=&#8221;53&#8243; back_repeat=&#8221;no-repeat&#8221; back_position=&#8221;center center&#8221; overlay_alpha=&#8221;50&#8243; gutter_size=&#8221;3&#8243; column_width_percent=&#8221;100&#8243; shift_y=&#8221;0&#8243; z_index=&#8221;0&#8243; uncode_shortcode_id=&#8221;179311&#8243;][vc_column width=&#8221;1\/1&#8243;][\/vc_column][\/vc_row][vc_row row_height_percent=&#8221;0&#8243; override_padding=&#8221;yes&#8221; h_padding=&#8221;2&#8243; top_padding=&#8221;0&#8243; bottom_padding=&#8221;0&#8243; back_color=&#8221;color-149803&#8243; overlay_alpha=&#8221;50&#8243; gutter_size=&#8221;3&#8243; column_width_percent=&#8221;100&#8243; shift_y=&#8221;0&#8243; z_index=&#8221;0&#8243; uncode_shortcode_id=&#8221;279287&#8243; el_id=&#8221;location&#8221; back_color_type=&#8221;uncode-palette&#8221;][vc_column width=&#8221;1\/1&#8243;][vc_empty_space empty_h=&#8221;1&#8243;][vc_custom_heading text_size=&#8221;h3&#8243; uncode_shortcode_id=&#8221;522145&#8243;]Ubicaci\u00f3[\/vc_custom_heading][vc_empty_space empty_h=&#8221;1&#8243;][\/vc_column][\/vc_row][vc_row unlock_row_content=&#8221;yes&#8221; row_height_percent=&#8221;0&#8243; override_padding=&#8221;yes&#8221; h_padding=&#8221;0&#8243; top_padding=&#8221;0&#8243; bottom_padding=&#8221;0&#8243; overlay_alpha=&#8221;50&#8243; gutter_size=&#8221;3&#8243; column_width_percent=&#8221;100&#8243; shift_y=&#8221;0&#8243; z_index=&#8221;0&#8243; uncode_shortcode_id=&#8221;129450&#8243;][vc_column width=&#8221;1\/1&#8243;][vc_single_image media=&#8221;100&#8243; media_width_percent=&#8221;100&#8243; uncode_shortcode_id=&#8221;213701&#8243;][\/vc_column][\/vc_row][vc_row][vc_column width=&#8221;1\/2&#8243;][vc_column_text uncode_shortcode_id=&#8221;338395&#8243;]Maranhao \u00e9s un dels eixos principals de l&#8217;estructura log\u00edstica de Brasil i ho \u00e9s per les caracter\u00edstiques del seu port. Aquest Complex portuari t\u00e9 tres condicions que el fan especial:<br \/>\n&#8211; Condicions naturals \u00faniques: Calat de 23 metres, protegit dins de la Bah\u00eda de San Marcos.<br \/>\n&#8211; Empla\u00e7ament geogr\u00e1fic a Brasil. \u00c9s el m\u00e9s proper a EEUU, al Canal de Panam\u00e1 i a Europa.<br \/>\n-Es l&#8217;extrem de sortida del corredor log\u00edstic Centro-Norte per les mercaderies i les mat\u00e8ries primes a Brasil (carreteres, vies de tren i rius navegables). Es transportan els productes obtinguts des dels estats de MARANHAO, TOCANTINS, PIAUI, PAR\u00c1, GOIAS i MATTO GROSSO fins el port.[\/vc_column_text][\/vc_column][vc_column width=&#8221;1\/2&#8243;][vc_gmaps latlon=&#8221;-2.577658, -44.3673458&#8243; map_color=&#8221;&#8221; ui_color=&#8221;&#8221; zoom=&#8221;8&#8243; map_saturation=&#8221;-20&#8243; map_brightness=&#8221;5&#8243; uncode_shortcode_id=&#8221;181765&#8243;][\/vc_column][\/vc_row][vc_row row_height_percent=&#8221;0&#8243; override_padding=&#8221;yes&#8221; h_padding=&#8221;2&#8243; top_padding=&#8221;2&#8243; bottom_padding=&#8221;4&#8243; overlay_alpha=&#8221;50&#8243; gutter_size=&#8221;3&#8243; column_width_percent=&#8221;100&#8243; shift_y=&#8221;0&#8243; z_index=&#8221;0&#8243; uncode_shortcode_id=&#8221;886226&#8243;][vc_column column_width_percent=&#8221;100&#8243; gutter_size=&#8221;0&#8243; overlay_alpha=&#8221;50&#8243; shift_x=&#8221;0&#8243; shift_y=&#8221;0&#8243; shift_y_down=&#8221;0&#8243; z_index=&#8221;0&#8243; medium_width=&#8221;0&#8243; mobile_width=&#8221;0&#8243; width=&#8221;1\/2&#8243; uncode_shortcode_id=&#8221;922252&#8243;][vc_custom_heading text_color=&#8221;color-204971&#8243; heading_semantic=&#8221;div&#8221; text_size=&#8221;h5&#8243; text_weight=&#8221;700&#8243; uncode_shortcode_id=&#8221;799852&#8243; text_color_type=&#8221;uncode-palette&#8221;]Infraestructures[\/vc_custom_heading][vc_empty_space empty_h=&#8221;1&#8243;][vc_single_image media=&#8221;112&#8243; media_lightbox=&#8221;yes&#8221; media_width_percent=&#8221;100&#8243; media_ratio=&#8221;four-three&#8221; uncode_shortcode_id=&#8221;203814&#8243;][\/vc_column][vc_column column_width_percent=&#8221;100&#8243; gutter_size=&#8221;0&#8243; overlay_alpha=&#8221;50&#8243; shift_x=&#8221;0&#8243; shift_y=&#8221;0&#8243; shift_y_down=&#8221;0&#8243; z_index=&#8221;0&#8243; medium_width=&#8221;0&#8243; mobile_width=&#8221;0&#8243; width=&#8221;1\/2&#8243; uncode_shortcode_id=&#8221;196004&#8243;][vc_custom_heading text_color=&#8221;accent&#8221; heading_semantic=&#8221;div&#8221; text_size=&#8221;h5&#8243; text_weight=&#8221;700&#8243; uncode_shortcode_id=&#8221;676589&#8243; text_color_type=&#8221;uncode-palette&#8221;]Ocupaci\u00f3 Retroporto[\/vc_custom_heading][vc_empty_space empty_h=&#8221;1&#8243;][vc_single_image media=&#8221;116&#8243; media_width_percent=&#8221;100&#8243; media_ratio=&#8221;four-three&#8221; uncode_shortcode_id=&#8221;169880&#8243;][\/vc_column][\/vc_row][vc_row row_height_percent=&#8221;0&#8243; override_padding=&#8221;yes&#8221; h_padding=&#8221;2&#8243; top_padding=&#8221;0&#8243; bottom_padding=&#8221;0&#8243; back_color=&#8221;color-149803&#8243; overlay_alpha=&#8221;50&#8243; gutter_size=&#8221;3&#8243; column_width_percent=&#8221;100&#8243; shift_y=&#8221;0&#8243; z_index=&#8221;0&#8243; uncode_shortcode_id=&#8221;118734&#8243; el_id=&#8221;master&#8221; back_color_type=&#8221;uncode-palette&#8221;][vc_column width=&#8221;1\/1&#8243;][vc_empty_space empty_h=&#8221;1&#8243;][vc_custom_heading text_size=&#8221;h3&#8243; uncode_shortcode_id=&#8221;254828&#8243;]Master Plan[\/vc_custom_heading][vc_empty_space empty_h=&#8221;1&#8243;][\/vc_column][\/vc_row][vc_row row_height_percent=&#8221;0&#8243; override_padding=&#8221;yes&#8221; h_padding=&#8221;2&#8243; top_padding=&#8221;0&#8243; bottom_padding=&#8221;0&#8243; overlay_alpha=&#8221;50&#8243; gutter_size=&#8221;3&#8243; column_width_percent=&#8221;100&#8243; shift_y=&#8221;0&#8243; z_index=&#8221;0&#8243; uncode_shortcode_id=&#8221;145573&#8243;][vc_column width=&#8221;1\/1&#8243;][vc_single_image media=&#8221;212&#8243; media_width_percent=&#8221;100&#8243; uncode_shortcode_id=&#8221;285324&#8243;][\/vc_column][\/vc_row][vc_row unlock_row=&#8221;&#8221; row_height_percent=&#8221;0&#8243; override_padding=&#8221;yes&#8221; h_padding=&#8221;2&#8243; top_padding=&#8221;3&#8243; bottom_padding=&#8221;1&#8243; overlay_alpha=&#8221;50&#8243; gutter_size=&#8221;3&#8243; column_width_percent=&#8221;100&#8243; shift_y=&#8221;0&#8243; z_index=&#8221;0&#8243; uncode_shortcode_id=&#8221;101569&#8243; el_id=&#8221;location&#8221;][vc_column width=&#8221;1\/1&#8243;][vc_custom_heading heading_semantic=&#8221;h4&#8243; text_size=&#8221;h4&#8243; uncode_shortcode_id=&#8221;466752&#8243;]Quadre de Superf\u00edcies[\/vc_custom_heading][\/vc_column][\/vc_row][vc_row row_height_percent=&#8221;0&#8243; overlay_alpha=&#8221;50&#8243; gutter_size=&#8221;3&#8243; column_width_percent=&#8221;100&#8243; shift_y=&#8221;0&#8243; z_index=&#8221;0&#8243; uncode_shortcode_id=&#8221;121881&#8243;][vc_column width=&#8221;1\/1&#8243;][vc_raw_html]JTVCdGFibGUlMjBpZCUzRCUyMjIlMjIlMjAlMkYlNUQ=[\/vc_raw_html][\/vc_column][\/vc_row][vc_row row_height_percent=&#8221;0&#8243; override_padding=&#8221;yes&#8221; h_padding=&#8221;2&#8243; top_padding=&#8221;3&#8243; bottom_padding=&#8221;3&#8243; overlay_alpha=&#8221;50&#8243; gutter_size=&#8221;3&#8243; column_width_percent=&#8221;100&#8243; shift_y=&#8221;0&#8243; z_index=&#8221;0&#8243; uncode_shortcode_id=&#8221;643979&#8243; el_id=&#8221;project&#8221;][vc_column column_width_percent=&#8221;100&#8243; align_horizontal=&#8221;align_center&#8221; gutter_size=&#8221;3&#8243; overlay_alpha=&#8221;50&#8243; shift_x=&#8221;0&#8243; shift_y=&#8221;0&#8243; shift_y_down=&#8221;0&#8243; z_index=&#8221;0&#8243; medium_width=&#8221;0&#8243; mobile_width=&#8221;0&#8243; width=&#8221;1\/1&#8243; uncode_shortcode_id=&#8221;268843&#8243;][vc_button size=&#8221;btn-lg&#8221; radius=&#8221;btn-round&#8221; border_width=&#8221;0&#8243; uncode_shortcode_id=&#8221;189643&#8243; link=&#8221;url:https%3A%2F%2Fcnlp.com.br%2Fwp-content%2Fuploads%2F2023%2F11%2Fretroporto-cnlp-Project.pdf|title:Presentaci%C3%B3%20del%20projecte|target:_blank&#8221; icon=&#8221;fa fa-file-o&#8221;]Presentaci\u00f3 del projecte[\/vc_button][\/vc_column][\/vc_row][vc_row row_height_percent=&#8221;0&#8243; override_padding=&#8221;yes&#8221; h_padding=&#8221;2&#8243; top_padding=&#8221;0&#8243; bottom_padding=&#8221;0&#8243; back_color=&#8221;color-149803&#8243; overlay_alpha=&#8221;50&#8243; gutter_size=&#8221;3&#8243; column_width_percent=&#8221;100&#8243; shift_y=&#8221;0&#8243; z_index=&#8221;0&#8243; uncode_shortcode_id=&#8221;179056&#8243; el_id=&#8221;contact&#8221; back_color_type=&#8221;uncode-palette&#8221;][vc_column width=&#8221;1\/1&#8243;][vc_empty_space empty_h=&#8221;1&#8243;][vc_custom_heading text_size=&#8221;h3&#8243; uncode_shortcode_id=&#8221;423305&#8243;]Contacte[\/vc_custom_heading][vc_empty_space empty_h=&#8221;1&#8243;][\/vc_column][\/vc_row][vc_row row_height_percent=&#8221;0&#8243; override_padding=&#8221;yes&#8221; h_padding=&#8221;2&#8243; top_padding=&#8221;0&#8243; bottom_padding=&#8221;0&#8243; overlay_alpha=&#8221;50&#8243; gutter_size=&#8221;3&#8243; column_width_percent=&#8221;100&#8243; shift_y=&#8221;0&#8243; z_index=&#8221;0&#8243; uncode_shortcode_id=&#8221;741543&#8243;][vc_column column_width_percent=&#8221;100&#8243; gutter_size=&#8221;0&#8243; overlay_alpha=&#8221;50&#8243; shift_x=&#8221;0&#8243; shift_y=&#8221;0&#8243; shift_y_down=&#8221;0&#8243; z_index=&#8221;0&#8243; medium_width=&#8221;0&#8243; mobile_width=&#8221;0&#8243; width=&#8221;1\/1&#8243; uncode_shortcode_id=&#8221;160586&#8243;][vc_empty_space empty_h=&#8221;3&#8243;][vc_custom_heading text_color=&#8221;color-204971&#8243; heading_semantic=&#8221;div&#8221; text_size=&#8221;h5&#8243; text_weight=&#8221;700&#8243; uncode_shortcode_id=&#8221;178957&#8243; text_color_type=&#8221;uncode-palette&#8221;]Robert William[\/vc_custom_heading][vc_custom_heading text_color=&#8221;color-204971&#8243; heading_semantic=&#8221;div&#8221; text_size=&#8221;h5&#8243; text_weight=&#8221;600&#8243; text_italic=&#8221;yes&#8221; uncode_shortcode_id=&#8221;138359&#8243; text_color_type=&#8221;uncode-palette&#8221;]Conselheiro[\/vc_custom_heading][vc_empty_space empty_h=&#8221;1&#8243;][vc_column_text uncode_shortcode_id=&#8221;182169&#8243;]Avenida do Vale, 13<br \/>\nsala 409, Edif\u00edcio Zirc\u00f4nio<br \/>\nRenascen\u00e7a<br \/>\nCEP 65075-660<br \/>\nS\u00e3o Lu\u00eds\/MA<\/p>\n<p><a href=\"tel:+55%20(11)%2097992-2626\"><strong>+55 (11) 97992-2626<\/strong><\/a> (cel.)<br \/>\n<strong><a href=\"mailto:robert.william@cnlp.com.br\">robert.william@cnlp.com.br<\/a><\/strong>[\/vc_column_text][vc_empty_space empty_h=&#8221;3&#8243;][\/vc_column][\/vc_row]<\/p>\n<\/section>","protected":false},"excerpt":{"rendered":"<p>[vc_row row_height_percent=&#8221;100&#8243; back_image=&#8221;53&#8243; back_repeat=&#8221;no-repeat&#8221; back_position=&#8221;center center&#8221; overlay_alpha=&#8221;50&#8243; gutter_size=&#8221;3&#8243; column_width_percent=&#8221;100&#8243; shift_y=&#8221;0&#8243; z_index=&#8221;0&#8243; uncode_shortcode_id=&#8221;179311&#8243;][vc_column width=&#8221;1\/1&#8243;][\/vc_column][\/vc_row][vc_row row_height_percent=&#8221;0&#8243; override_padding=&#8221;yes&#8221; h_padding=&#8221;2&#8243; top_padding=&#8221;0&#8243; bottom_padding=&#8221;0&#8243; back_color=&#8221;color-149803&#8243; overlay_alpha=&#8221;50&#8243; [&hellip;]<\/p>\n","protected":false},"author":1,"featured_media":0,"parent":0,"menu_order":0,"comment_status":"closed","ping_status":"closed","template":"","meta":{"inline_featured_image":false,"footnotes":""},"class_list":["post-178","page","type-page","status-publish","hentry"],"_links":{"self":[{"href":"https:\/\/cnlp.com.br\/ca\/wp-json\/wp\/v2\/pages\/178","targetHints":{"allow":["GET"]}}],"collection":[{"href":"https:\/\/cnlp.com.br\/ca\/wp-json\/wp\/v2\/pages"}],"about":[{"href":"https:\/\/cnlp.com.br\/ca\/wp-json\/wp\/v2\/types\/page"}],"author":[{"embeddable":true,"href":"https:\/\/cnlp.com.br\/ca\/wp-json\/wp\/v2\/users\/1"}],"replies":[{"embeddable":true,"href":"https:\/\/cnlp.com.br\/ca\/wp-json\/wp\/v2\/comments?post=178"}],"version-history":[{"count":21,"href":"https:\/\/cnlp.com.br\/ca\/wp-json\/wp\/v2\/pages\/178\/revisions"}],"predecessor-version":[{"id":287,"href":"https:\/\/cnlp.com.br\/ca\/wp-json\/wp\/v2\/pages\/178\/revisions\/287"}],"wp:attachment":[{"href":"https:\/\/cnlp.com.br\/ca\/wp-json\/wp\/v2\/media?parent=178"}],"curies":[{"name":"wp","href":"https:\/\/api.w.org\/{rel}","templated":true}]}}